                        {"id":1720,"date":"2020-01-31T15:03:03","date_gmt":"2020-01-31T14:03:03","guid":{"rendered":"https:\/\/alconvento.barnabiti.net\/?page_id=1720"},"modified":"2020-03-11T13:23:21","modified_gmt":"2020-03-11T12:23:21","slug":"camera-doppia","status":"publish","type":"page","link":"https:\/\/alconvento.barnabiti.net\/?page_id=1720","title":{"rendered":"camera doppia"},"content":{"rendered":"\n<section id=\"section-ec77fc33-68b1-4ea2-9846-b96a70153f93\" class=\"wp-block-gutentor-image-slider gutentor-section gutentor-image-slider imageSlider-template1\"><div class=\"gutentor-grid-item-wrap\"><div class=\"gutentor-slider-wrapper\" data-dots=\"true\" data-dots-tablet=\"false\" data-dots-mobile=\"false\" data-arrows=\"true\" data-arrows-tablet=\"false\" data-arrows-mobile=\"false\" data-infinite=\"false\" data-nextarrow=\"fas fa-angle-right\" data-prevarrow=\"fas fa-angle-left\" data-autoplay=\"true\" data-autoplayspeed=\"7000\" data-blockimagesliderfade=\"false\" data-speed=\"900\"><div class=\"gutentor-slider-item\"><div class=\"gutentor-single-item gutentor-single-item-0\"><div class=\"gutentor-single-item-wrap\"><div class=\"gutentor-single-item-image-box\"><div class=\"gutentor-bg-image\"><div class=\"overlay\"><\/div><\/div><\/div><div class=\"gutentor-single-item-content\"><div class=\"grid-container\"><div class=\"slider-caption text-center\"><h3 class=\"gutentor-single-item-title\">DOTAZIONI DELLA CAMERA DOPPIA<\/h3><p class=\"gutentor-single-item-desc\"><\/p><\/div><\/div><\/div><\/div><\/div><\/div><\/div><\/div><\/section>\n\n\n\n<section id=\"section-2e6f2d75-c3c6-4662-8abc-cef28af2a1b1\" class=\"wp-block-gutentor-advanced-columns gutentor-section gutentor-advanced-columns has-color-bg has-custom-bg\"><div class=\"grid-container\"><div class=\"grid-row\">\n<section id=\"section-eae50454-7104-48fa-a522-99acb587696b\" class=\"wp-block-gutentor-single-column gutentor-single-column  grid-lg-4 grid-md-12 grid-12\"><style>\n#section-eae50454-7104-48fa-a522-99acb587696b .gutentor-section-title .gutentor-title{\n\n\ncolor: #111111;\n\n}\n@media only screen and (min-width: 768px) {\n#section-eae50454-7104-48fa-a522-99acb587696b .gutentor-section-title .gutentor-title{\n\n\n\n}\n}\n@media only screen and (min-width: 992px) {\n#section-eae50454-7104-48fa-a522-99acb587696b .gutentor-section-title .gutentor-title{\n\n\n\n}\n}\n#section-eae50454-7104-48fa-a522-99acb587696b .gutentor-grid-item-wrap{\n\n\n}\n@media only screen and (min-width: 768px) {\n#section-eae50454-7104-48fa-a522-99acb587696b .gutentor-grid-item-wrap{\n\n\n}\n}\n@media only screen and (min-width: 992px) {\n#section-eae50454-7104-48fa-a522-99acb587696b .gutentor-grid-item-wrap{\n\n\n}\n}\n#section-eae50454-7104-48fa-a522-99acb587696b .gutentor-single-item .gutentor-single-item-title,\n            #section-eae50454-7104-48fa-a522-99acb587696b .gutentor-single-item .gutentor-single-item-title a{\n\n\n\n\n}\n#section-eae50454-7104-48fa-a522-99acb587696b .gutentor-single-item:hover .gutentor-single-item-title,\n            #section-eae50454-7104-48fa-a522-99acb587696b .gutentor-single-item:hover .gutentor-single-item-title a{\n\n}\n@media only screen and (min-width: 768px) {\n#section-eae50454-7104-48fa-a522-99acb587696b .gutentor-single-item .gutentor-single-item-title,\n                 #section-eae50454-7104-48fa-a522-99acb587696b .gutentor-single-item .gutentor-single-item-title a{\n\n\n\n}\n}\n@media only screen and (min-width: 992px) {\n#section-eae50454-7104-48fa-a522-99acb587696b .gutentor-single-item .gutentor-single-item-title,\n                #section-eae50454-7104-48fa-a522-99acb587696b .gutentor-single-item .gutentor-single-item-title a{\n\n\n\n}\n}\n#section-eae50454-7104-48fa-a522-99acb587696b{\n\n\n\n\n\n\n\n}\n#section-eae50454-7104-48fa-a522-99acb587696b .gutentor-block-shape-top svg path,\n            #section-eae50454-7104-48fa-a522-99acb587696b .gutentor-block-shape-top svg polygon{\n\n}\n#section-eae50454-7104-48fa-a522-99acb587696b .gutentor-block-shape-bottom svg path,\n              #section-eae50454-7104-48fa-a522-99acb587696b .gutentor-block-shape-bottom svg polygon{\n\n}\n#section-eae50454-7104-48fa-a522-99acb587696b .gutentor-block-shape-top svg{\n}\n#section-eae50454-7104-48fa-a522-99acb587696b .gutentor-block-shape-top svg{\n}\n#section-eae50454-7104-48fa-a522-99acb587696b .gutentor-block-shape-bottom svg{\n}\n#section-eae50454-7104-48fa-a522-99acb587696b .gutentor-block-shape-bottom svg{\n}\n#section-eae50454-7104-48fa-a522-99acb587696b:hover{\n\n}\n\n@media only screen and (min-width: 768px) {\n#section-eae50454-7104-48fa-a522-99acb587696b{\n\n\n\n\n}\n#section-eae50454-7104-48fa-a522-99acb587696b .gutentor-block-shape-top svg{\n}\n#section-eae50454-7104-48fa-a522-99acb587696b .gutentor-block-shape-top svg{\n}\n#section-eae50454-7104-48fa-a522-99acb587696b .gutentor-block-shape-bottom svg{\n}\n#section-eae50454-7104-48fa-a522-99acb587696b .gutentor-block-shape-bottom svg{\n}\n}\n@media only screen and (min-width: 992px) {\n#section-eae50454-7104-48fa-a522-99acb587696b{\n\n\n\n\n}\n#section-eae50454-7104-48fa-a522-99acb587696b .gutentor-block-shape-top svg{\n}\n#section-eae50454-7104-48fa-a522-99acb587696b .gutentor-block-shape-top svg{\n}\n#section-eae50454-7104-48fa-a522-99acb587696b .gutentor-block-shape-bottom svg{\n}\n#section-eae50454-7104-48fa-a522-99acb587696b .gutentor-block-shape-bottom svg{\n}\n}\n#section-eae50454-7104-48fa-a522-99acb587696b.{\n\n\n}\n@media only screen and (min-width: 768px) {\n#section-eae50454-7104-48fa-a522-99acb587696b.{\n\n\n}\n}\n@media only screen and (min-width: 992px) {\n#section-eae50454-7104-48fa-a522-99acb587696b.{\n\n\n}\n}\n#section-eae50454-7104-48fa-a522-99acb587696b .gutentor-single-item{\n\n\n\n\n\n}\n#section-eae50454-7104-48fa-a522-99acb587696b .gutentor-single-item:hover{\n\n\n}\n@media only screen and (min-width: 768px) {\n#section-eae50454-7104-48fa-a522-99acb587696b .gutentor-single-item {\n\n\n}\n}\n@media only screen and (min-width: 992px) {\n#section-eae50454-7104-48fa-a522-99acb587696b .gutentor-single-item {\n\n\n}\n}\n#section-eae50454-7104-48fa-a522-99acb587696b .gutentor-single-item .gutentor-single-item-desc{\n\n\n\n\n}\n#section-eae50454-7104-48fa-a522-99acb587696b .gutentor-single-item:hover .gutentor-single-item-desc{\n\n}\n@media only screen and (min-width: 768px) {\n#section-eae50454-7104-48fa-a522-99acb587696b .gutentor-single-item .gutentor-single-item-desc{\n\n\n\n}\n}\n@media only screen and (min-width: 992px) {\n#section-eae50454-7104-48fa-a522-99acb587696b .gutentor-single-item .gutentor-single-item-desc{\n\n\n\n}\n}\n#section-eae50454-7104-48fa-a522-99acb587696b .gutentor-single-item-image-box{\n\n\n}\n@media only screen and (min-width: 768px) {\n#section-eae50454-7104-48fa-a522-99acb587696b .gutentor-single-item-image-box{\n\n\n}\n}\n@media only screen and (min-width: 992px) {\n#section-eae50454-7104-48fa-a522-99acb587696b .gutentor-single-item-image-box{\n\n\n}\n}\n#section-undefined .block-editor-inner-blocks{\nwidth: 100%;\npadding-right: 15px;\npadding-left: 15px;\nmargin-right: auto;\nmargin-left: auto;\n}\n#section-undefined .block-editor-inner-blocks .block-editor-block-list__layout{\ndisplay: flex;\nflex-wrap: wrap;\nmargin-right: -15px;\nmargin-left: -15px;\n}\n#section-undefined .block-editor-inner-blocks{\nwidth: 100%;\npadding-right: 15px;\npadding-left: 15px;\nmargin-right: auto;\nmargin-left: auto;\n}\n#section-undefined .block-editor-inner-blocks .block-editor-block-list__layout{\ndisplay: flex;\nflex-wrap: wrap;\nmargin-right: -15px;\nmargin-left: -15px;\n}\n#section-undefined .block-editor-inner-blocks{\nwidth: 100%;\npadding-right: 15px;\npadding-left: 15px;\nmargin-right: auto;\nmargin-left: auto;\n}\n#section-undefined .block-editor-inner-blocks .block-editor-block-list__layout{\ndisplay: flex;\nflex-wrap: wrap;\nmargin-right: -15px;\nmargin-left: -15px;\n}\n@media only screen and (min-width: 992px) {\n#section-eae50454-7104-48fa-a522-99acb587696b{\nflex-basis: 33.333333333333%;\nmax-width: 33.333333333333%;\n}\n}<\/style>\n<section id=\"section-e0c1f032-5100-481f-9bb8-d7292430bcf9\" class=\"wp-block-gutentor-content-box gutentor-section gutentor-content-box-wrapper content-template1\"><div class=\"grid-container\"><div class=\"grid-row gutentor-grid-item-wrap\"><div class=\"gutentor-grid-column grid-lg-12 grid-md-12 grid-12\"><div class=\"gutentor-single-item gutentor-single-item-0\"><div class=\"gutentor-single-item-wrap\"><div class=\"gutentor-single-item-content\"><h3 class=\"gutentor-single-item-title\">Un&#8217;ampia camera per rilassarsi insieme<\/h3><\/div><\/div><\/div><\/div><\/div><\/div><\/section>\n<\/section>\n\n\n\n<section id=\"section-ae64a559-4fa4-4744-a01e-4a90a6819f3c\" class=\"wp-block-gutentor-single-column gutentor-single-column  grid-lg-8 grid-md-12 grid-12\"><style>\n#section-ae64a559-4fa4-4744-a01e-4a90a6819f3c .gutentor-section-title .gutentor-title{\n\n\ncolor: #111111;\n\n}\n@media only screen and (min-width: 768px) {\n#section-ae64a559-4fa4-4744-a01e-4a90a6819f3c .gutentor-section-title .gutentor-title{\n\n\n\n}\n}\n@media only screen and (min-width: 992px) {\n#section-ae64a559-4fa4-4744-a01e-4a90a6819f3c .gutentor-section-title .gutentor-title{\n\n\n\n}\n}\n#section-ae64a559-4fa4-4744-a01e-4a90a6819f3c .gutentor-grid-item-wrap{\n\n\n}\n@media only screen and (min-width: 768px) {\n#section-ae64a559-4fa4-4744-a01e-4a90a6819f3c .gutentor-grid-item-wrap{\n\n\n}\n}\n@media only screen and (min-width: 992px) {\n#section-ae64a559-4fa4-4744-a01e-4a90a6819f3c .gutentor-grid-item-wrap{\n\n\n}\n}\n#section-ae64a559-4fa4-4744-a01e-4a90a6819f3c .gutentor-single-item .gutentor-single-item-title,\n            #section-ae64a559-4fa4-4744-a01e-4a90a6819f3c .gutentor-single-item .gutentor-single-item-title a{\n\n\n\n\n}\n#section-ae64a559-4fa4-4744-a01e-4a90a6819f3c .gutentor-single-item:hover .gutentor-single-item-title,\n            #section-ae64a559-4fa4-4744-a01e-4a90a6819f3c .gutentor-single-item:hover .gutentor-single-item-title a{\n\n}\n@media only screen and (min-width: 768px) {\n#section-ae64a559-4fa4-4744-a01e-4a90a6819f3c .gutentor-single-item .gutentor-single-item-title,\n                 #section-ae64a559-4fa4-4744-a01e-4a90a6819f3c .gutentor-single-item .gutentor-single-item-title a{\n\n\n\n}\n}\n@media only screen and (min-width: 992px) {\n#section-ae64a559-4fa4-4744-a01e-4a90a6819f3c .gutentor-single-item .gutentor-single-item-title,\n                #section-ae64a559-4fa4-4744-a01e-4a90a6819f3c .gutentor-single-item .gutentor-single-item-title a{\n\n\n\n}\n}\n#section-ae64a559-4fa4-4744-a01e-4a90a6819f3c{\n\n\n\n\n\n\n\n}\n#section-ae64a559-4fa4-4744-a01e-4a90a6819f3c .gutentor-block-shape-top svg path,\n            #section-ae64a559-4fa4-4744-a01e-4a90a6819f3c .gutentor-block-shape-top svg polygon{\n\n}\n#section-ae64a559-4fa4-4744-a01e-4a90a6819f3c .gutentor-block-shape-bottom svg path,\n              #section-ae64a559-4fa4-4744-a01e-4a90a6819f3c .gutentor-block-shape-bottom svg polygon{\n\n}\n#section-ae64a559-4fa4-4744-a01e-4a90a6819f3c .gutentor-block-shape-top svg{\n}\n#section-ae64a559-4fa4-4744-a01e-4a90a6819f3c .gutentor-block-shape-top svg{\n}\n#section-ae64a559-4fa4-4744-a01e-4a90a6819f3c .gutentor-block-shape-bottom svg{\n}\n#section-ae64a559-4fa4-4744-a01e-4a90a6819f3c .gutentor-block-shape-bottom svg{\n}\n#section-ae64a559-4fa4-4744-a01e-4a90a6819f3c:hover{\n\n}\n\n@media only screen and (min-width: 768px) {\n#section-ae64a559-4fa4-4744-a01e-4a90a6819f3c{\n\n\n\n\n}\n#section-ae64a559-4fa4-4744-a01e-4a90a6819f3c .gutentor-block-shape-top svg{\n}\n#section-ae64a559-4fa4-4744-a01e-4a90a6819f3c .gutentor-block-shape-top svg{\n}\n#section-ae64a559-4fa4-4744-a01e-4a90a6819f3c .gutentor-block-shape-bottom svg{\n}\n#section-ae64a559-4fa4-4744-a01e-4a90a6819f3c .gutentor-block-shape-bottom svg{\n}\n}\n@media only screen and (min-width: 992px) {\n#section-ae64a559-4fa4-4744-a01e-4a90a6819f3c{\n\n\n\n\n}\n#section-ae64a559-4fa4-4744-a01e-4a90a6819f3c .gutentor-block-shape-top svg{\n}\n#section-ae64a559-4fa4-4744-a01e-4a90a6819f3c .gutentor-block-shape-top svg{\n}\n#section-ae64a559-4fa4-4744-a01e-4a90a6819f3c .gutentor-block-shape-bottom svg{\n}\n#section-ae64a559-4fa4-4744-a01e-4a90a6819f3c .gutentor-block-shape-bottom svg{\n}\n}\n#section-ae64a559-4fa4-4744-a01e-4a90a6819f3c.{\n\n\n}\n@media only screen and (min-width: 768px) {\n#section-ae64a559-4fa4-4744-a01e-4a90a6819f3c.{\n\n\n}\n}\n@media only screen and (min-width: 992px) {\n#section-ae64a559-4fa4-4744-a01e-4a90a6819f3c.{\n\n\n}\n}\n#section-ae64a559-4fa4-4744-a01e-4a90a6819f3c .gutentor-single-item{\n\n\n\n\n\n}\n#section-ae64a559-4fa4-4744-a01e-4a90a6819f3c .gutentor-single-item:hover{\n\n\n}\n@media only screen and (min-width: 768px) {\n#section-ae64a559-4fa4-4744-a01e-4a90a6819f3c .gutentor-single-item {\n\n\n}\n}\n@media only screen and (min-width: 992px) {\n#section-ae64a559-4fa4-4744-a01e-4a90a6819f3c .gutentor-single-item {\n\n\n}\n}\n#section-ae64a559-4fa4-4744-a01e-4a90a6819f3c .gutentor-single-item .gutentor-single-item-desc{\n\n\n\n\n}\n#section-ae64a559-4fa4-4744-a01e-4a90a6819f3c .gutentor-single-item:hover .gutentor-single-item-desc{\n\n}\n@media only screen and (min-width: 768px) {\n#section-ae64a559-4fa4-4744-a01e-4a90a6819f3c .gutentor-single-item .gutentor-single-item-desc{\n\n\n\n}\n}\n@media only screen and (min-width: 992px) {\n#section-ae64a559-4fa4-4744-a01e-4a90a6819f3c .gutentor-single-item .gutentor-single-item-desc{\n\n\n\n}\n}\n#section-ae64a559-4fa4-4744-a01e-4a90a6819f3c .gutentor-single-item-image-box{\n\n\n}\n@media only screen and (min-width: 768px) {\n#section-ae64a559-4fa4-4744-a01e-4a90a6819f3c .gutentor-single-item-image-box{\n\n\n}\n}\n@media only screen and (min-width: 992px) {\n#section-ae64a559-4fa4-4744-a01e-4a90a6819f3c .gutentor-single-item-image-box{\n\n\n}\n}\n#section-undefined .block-editor-inner-blocks{\nwidth: 100%;\npadding-right: 15px;\npadding-left: 15px;\nmargin-right: auto;\nmargin-left: auto;\n}\n#section-undefined .block-editor-inner-blocks .block-editor-block-list__layout{\ndisplay: flex;\nflex-wrap: wrap;\nmargin-right: -15px;\nmargin-left: -15px;\n}\n#section-undefined .block-editor-inner-blocks{\nwidth: 100%;\npadding-right: 15px;\npadding-left: 15px;\nmargin-right: auto;\nmargin-left: auto;\n}\n#section-undefined .block-editor-inner-blocks .block-editor-block-list__layout{\ndisplay: flex;\nflex-wrap: wrap;\nmargin-right: -15px;\nmargin-left: -15px;\n}\n#section-undefined .block-editor-inner-blocks{\nwidth: 100%;\npadding-right: 15px;\npadding-left: 15px;\nmargin-right: auto;\nmargin-left: auto;\n}\n#section-undefined .block-editor-inner-blocks .block-editor-block-list__layout{\ndisplay: flex;\nflex-wrap: wrap;\nmargin-right: -15px;\nmargin-left: -15px;\n}\n@media only screen and (min-width: 992px) {\n#section-ae64a559-4fa4-4744-a01e-4a90a6819f3c{\nflex-basis: 66.666666666667%;\nmax-width: 66.666666666667%;\n}\n}<\/style>\n<section id=\"section-8758677a-33c9-40f2-9845-9edea286230a\" class=\"wp-block-gutentor-content-box gutentor-section gutentor-content-box-wrapper content-template1\"><div class=\"grid-container\"><div class=\"grid-row gutentor-grid-item-wrap\"><div class=\"gutentor-grid-column grid-lg-12 grid-md-12 grid-12\"><div class=\"gutentor-single-item gutentor-single-item-0\"><div class=\"gutentor-single-item-wrap\"><div class=\"gutentor-single-item-content\"><h3 class=\"gutentor-single-item-title\">Servizi della camera doppia<\/h3><p class=\"gutentor-single-item-desc\">L&#8217;albergo dispone di 14  camere doppie.<br>Ciascuna delle 14 camere doppia \u00e8 dotata di un bagno  privato, televisione ed \u00e8 finemente arredata. E&#8217; possibile prenotare la stanza doppia ad uso singolo.<br>La colazione \u00e8 inclusa nel  prezzo ed \u00e8 disponibile ogni mattina dalle 07:00 alle 10:00.<br>Poich\u00e8  l&#8217;albergo \u00e8 dotato di un&#8217;area ristorante, \u00e8 inoltre possibile prenotare  il pranzo o la cena e assaporare le nostre specialit\u00e0 gastronomiche del  giorno. <br>La struttura presta inoltre attenzione a particolari esigenze  alimentari.<\/p><\/div><\/div><\/div><\/div><\/div><\/div><\/section>\n<\/section>\n<\/div><\/div><\/section>\n<div class='row'><div style='padding-bottom:50px;' class='span12 first-module module_number_1 module_cont  module_gallery'><div class='list-of-images images_in_a_row_3'>\r\n                        <div class=\"gallery_item\">\r\n\t\t\t\t\t\t\t<div class=\"gallery_item_padding\">\r\n\t\t\t\t\t\t\t\t<div class=\"gallery_item_wrapper\"><a href=\"https:\/\/alconvento.barnabiti.net\/wp-content\/uploads\/2020\/01\/RELAIS-CONVENTO-202-scaled.jpg\" class=\"swipebox\" title=\"\"><\/a><img loading=\"lazy\" decoding=\"async\" class=\"gallery-stand-img\" src=\"https:\/\/alconvento.barnabiti.net\/wp-content\/uploads\/2020\/01\/RELAIS-CONVENTO-202-scaled-570x368.jpg\" alt=\"\" width=\"570\" height=\"368\">\r\n\t\t\t\t\t\t\t\t\t<div class=\"gallery_fadder\"><\/div>\r\n\t\t\t\t\t\t\t\t\t<span class=\"featured_items_ico\"><\/span>\r\n\t\t\t\t\t\t\t\t<\/div>\r\n\t\t\t\t\t\t\t<\/div>\r\n                        <\/div>\r\n                        \r\n                        <div class=\"gallery_item\">\r\n\t\t\t\t\t\t\t<div class=\"gallery_item_padding\">\r\n\t\t\t\t\t\t\t\t<div class=\"gallery_item_wrapper\"><a href=\"https:\/\/alconvento.barnabiti.net\/wp-content\/uploads\/2020\/01\/RELAIS-CONVENTO-203-scaled.jpg\" class=\"swipebox\" title=\"\"><\/a><img loading=\"lazy\" decoding=\"async\" class=\"gallery-stand-img\" src=\"https:\/\/alconvento.barnabiti.net\/wp-content\/uploads\/2020\/01\/RELAIS-CONVENTO-203-scaled-570x368.jpg\" alt=\"\" width=\"570\" height=\"368\">\r\n\t\t\t\t\t\t\t\t\t<div class=\"gallery_fadder\"><\/div>\r\n\t\t\t\t\t\t\t\t\t<span class=\"featured_items_ico\"><\/span>\r\n\t\t\t\t\t\t\t\t<\/div>\r\n\t\t\t\t\t\t\t<\/div>\r\n                        <\/div>\r\n                        \r\n                        <div class=\"gallery_item\">\r\n\t\t\t\t\t\t\t<div class=\"gallery_item_padding\">\r\n\t\t\t\t\t\t\t\t<div class=\"gallery_item_wrapper\"><a href=\"https:\/\/alconvento.barnabiti.net\/wp-content\/uploads\/2020\/01\/RELAIS-CONVENTO-204-scaled.jpg\" class=\"swipebox\" title=\"\"><\/a><img loading=\"lazy\" decoding=\"async\" class=\"gallery-stand-img\" src=\"https:\/\/alconvento.barnabiti.net\/wp-content\/uploads\/2020\/01\/RELAIS-CONVENTO-204-scaled-570x368.jpg\" alt=\"\" width=\"570\" height=\"368\">\r\n\t\t\t\t\t\t\t\t\t<div class=\"gallery_fadder\"><\/div>\r\n\t\t\t\t\t\t\t\t\t<span class=\"featured_items_ico\"><\/span>\r\n\t\t\t\t\t\t\t\t<\/div>\r\n\t\t\t\t\t\t\t<\/div>\r\n                        <\/div>\r\n                        \r\n                        <div class=\"gallery_item\">\r\n\t\t\t\t\t\t\t<div class=\"gallery_item_padding\">\r\n\t\t\t\t\t\t\t\t<div class=\"gallery_item_wrapper\"><a href=\"https:\/\/alconvento.barnabiti.net\/wp-content\/uploads\/2020\/01\/RELAIS-CONVENTO-205-scaled.jpg\" class=\"swipebox\" title=\"\"><\/a><img loading=\"lazy\" decoding=\"async\" class=\"gallery-stand-img\" src=\"https:\/\/alconvento.barnabiti.net\/wp-content\/uploads\/2020\/01\/RELAIS-CONVENTO-205-scaled-570x368.jpg\" alt=\"\" width=\"570\" height=\"368\">\r\n\t\t\t\t\t\t\t\t\t<div class=\"gallery_fadder\"><\/div>\r\n\t\t\t\t\t\t\t\t\t<span class=\"featured_items_ico\"><\/span>\r\n\t\t\t\t\t\t\t\t<\/div>\r\n\t\t\t\t\t\t\t<\/div>\r\n                        <\/div>\r\n                        \r\n                        <div class=\"gallery_item\">\r\n\t\t\t\t\t\t\t<div class=\"gallery_item_padding\">\r\n\t\t\t\t\t\t\t\t<div class=\"gallery_item_wrapper\"><a href=\"https:\/\/alconvento.barnabiti.net\/wp-content\/uploads\/2020\/01\/RELAIS-CONVENTO-206-scaled.jpg\" class=\"swipebox\" title=\"\"><\/a><img loading=\"lazy\" decoding=\"async\" class=\"gallery-stand-img\" src=\"https:\/\/alconvento.barnabiti.net\/wp-content\/uploads\/2020\/01\/RELAIS-CONVENTO-206-scaled-570x368.jpg\" alt=\"\" width=\"570\" height=\"368\">\r\n\t\t\t\t\t\t\t\t\t<div class=\"gallery_fadder\"><\/div>\r\n\t\t\t\t\t\t\t\t\t<span class=\"featured_items_ico\"><\/span>\r\n\t\t\t\t\t\t\t\t<\/div>\r\n\t\t\t\t\t\t\t<\/div>\r\n                        <\/div>\r\n                        \r\n                        <div class=\"gallery_item\">\r\n\t\t\t\t\t\t\t<div class=\"gallery_item_padding\">\r\n\t\t\t\t\t\t\t\t<div class=\"gallery_item_wrapper\"><a href=\"https:\/\/alconvento.barnabiti.net\/wp-content\/uploads\/2020\/01\/RELAIS-CONVENTO-207-scaled.jpg\" class=\"swipebox\" title=\"\"><\/a><img loading=\"lazy\" decoding=\"async\" class=\"gallery-stand-img\" src=\"https:\/\/alconvento.barnabiti.net\/wp-content\/uploads\/2020\/01\/RELAIS-CONVENTO-207-scaled-570x368.jpg\" alt=\"\" width=\"570\" height=\"368\">\r\n\t\t\t\t\t\t\t\t\t<div class=\"gallery_fadder\"><\/div>\r\n\t\t\t\t\t\t\t\t\t<span class=\"featured_items_ico\"><\/span>\r\n\t\t\t\t\t\t\t\t<\/div>\r\n\t\t\t\t\t\t\t<\/div>\r\n                        <\/div>\r\n                        \r\n                        <div class=\"gallery_item\">\r\n\t\t\t\t\t\t\t<div class=\"gallery_item_padding\">\r\n\t\t\t\t\t\t\t\t<div class=\"gallery_item_wrapper\"><a href=\"https:\/\/alconvento.barnabiti.net\/wp-content\/uploads\/2020\/01\/RELAIS-CONVENTO-208-scaled.jpg\" class=\"swipebox\" title=\"\"><\/a><img loading=\"lazy\" decoding=\"async\" class=\"gallery-stand-img\" src=\"https:\/\/alconvento.barnabiti.net\/wp-content\/uploads\/2020\/01\/RELAIS-CONVENTO-208-scaled-570x368.jpg\" alt=\"\" width=\"570\" height=\"368\">\r\n\t\t\t\t\t\t\t\t\t<div class=\"gallery_fadder\"><\/div>\r\n\t\t\t\t\t\t\t\t\t<span class=\"featured_items_ico\"><\/span>\r\n\t\t\t\t\t\t\t\t<\/div>\r\n\t\t\t\t\t\t\t<\/div>\r\n                        <\/div>\r\n                        \r\n                        <div class=\"gallery_item\">\r\n\t\t\t\t\t\t\t<div class=\"gallery_item_padding\">\r\n\t\t\t\t\t\t\t\t<div class=\"gallery_item_wrapper\"><a href=\"https:\/\/alconvento.barnabiti.net\/wp-content\/uploads\/2020\/01\/RELAIS-CONVENTO-209-scaled.jpg\" class=\"swipebox\" title=\"\"><\/a><img loading=\"lazy\" decoding=\"async\" class=\"gallery-stand-img\" src=\"https:\/\/alconvento.barnabiti.net\/wp-content\/uploads\/2020\/01\/RELAIS-CONVENTO-209-scaled-570x368.jpg\" alt=\"\" width=\"570\" height=\"368\">\r\n\t\t\t\t\t\t\t\t\t<div class=\"gallery_fadder\"><\/div>\r\n\t\t\t\t\t\t\t\t\t<span class=\"featured_items_ico\"><\/span>\r\n\t\t\t\t\t\t\t\t<\/div>\r\n\t\t\t\t\t\t\t<\/div>\r\n                        <\/div>\r\n                        \r\n                        <div class=\"gallery_item\">\r\n\t\t\t\t\t\t\t<div class=\"gallery_item_padding\">\r\n\t\t\t\t\t\t\t\t<div class=\"gallery_item_wrapper\"><a href=\"https:\/\/alconvento.barnabiti.net\/wp-content\/uploads\/2020\/01\/RELAIS-CONVENTO-210-scaled.jpg\" class=\"swipebox\" title=\"\"><\/a><img loading=\"lazy\" decoding=\"async\" class=\"gallery-stand-img\" src=\"https:\/\/alconvento.barnabiti.net\/wp-content\/uploads\/2020\/01\/RELAIS-CONVENTO-210-scaled-570x368.jpg\" alt=\"\" width=\"570\" height=\"368\">\r\n\t\t\t\t\t\t\t\t\t<div class=\"gallery_fadder\"><\/div>\r\n\t\t\t\t\t\t\t\t\t<span class=\"featured_items_ico\"><\/span>\r\n\t\t\t\t\t\t\t\t<\/div>\r\n\t\t\t\t\t\t\t<\/div>\r\n                        <\/div>\r\n                        \r\n            <div class='clear'><\/div>\r\n            <\/div>\r\n            <\/div><!-- .module_cont --><\/div>","protected":false},"excerpt":{"rendered":"","protected":false},"author":1,"featured_media":0,"parent":0,"menu_order":0,"comment_status":"closed","ping_status":"closed","template":"","meta":{"_exactmetrics_skip_tracking":false,"_exactmetrics_sitenote_active":false,"_exactmetrics_sitenote_note":"","_exactmetrics_sitenote_category":0,"footnotes":""},"class_list":["post-1720","page","type-page","status-publish","hentry"],"_links":{"self":[{"href":"https:\/\/alconvento.barnabiti.net\/index.php?rest_route=\/wp\/v2\/pages\/1720","targetHints":{"allow":["GET"]}}],"collection":[{"href":"https:\/\/alconvento.barnabiti.net\/index.php?rest_route=\/wp\/v2\/pages"}],"about":[{"href":"https:\/\/alconvento.barnabiti.net\/index.php?rest_route=\/wp\/v2\/types\/page"}],"author":[{"embeddable":true,"href":"https:\/\/alconvento.barnabiti.net\/index.php?rest_route=\/wp\/v2\/users\/1"}],"replies":[{"embeddable":true,"href":"https:\/\/alconvento.barnabiti.net\/index.php?rest_route=%2Fwp%2Fv2%2Fcomments&post=1720"}],"version-history":[{"count":6,"href":"https:\/\/alconvento.barnabiti.net\/index.php?rest_route=\/wp\/v2\/pages\/1720\/revisions"}],"predecessor-version":[{"id":1919,"href":"https:\/\/alconvento.barnabiti.net\/index.php?rest_route=\/wp\/v2\/pages\/1720\/revisions\/1919"}],"wp:attachment":[{"href":"https:\/\/alconvento.barnabiti.net\/index.php?rest_route=%2Fwp%2Fv2%2Fmedia&parent=1720"}],"curies":[{"name":"wp","href":"https:\/\/api.w.org\/{rel}","templated":true}]}}