                        {"id":1725,"date":"2020-01-31T15:11:30","date_gmt":"2020-01-31T14:11:30","guid":{"rendered":"https:\/\/alconvento.barnabiti.net\/?page_id=1725"},"modified":"2020-03-11T13:07:15","modified_gmt":"2020-03-11T12:07:15","slug":"camera-matrimoniale","status":"publish","type":"page","link":"https:\/\/alconvento.barnabiti.net\/?page_id=1725","title":{"rendered":"camera matrimoniale"},"content":{"rendered":"\n<section id=\"section-5dac34d6-70e6-409c-a7bd-e2813a3d429e\" class=\"wp-block-gutentor-image-slider gutentor-section gutentor-image-slider imageSlider-template1\"><div class=\"gutentor-grid-item-wrap\"><div class=\"gutentor-slider-wrapper\" data-dots=\"true\" data-dots-tablet=\"false\" data-dots-mobile=\"false\" data-arrows=\"true\" data-arrows-tablet=\"false\" data-arrows-mobile=\"false\" data-infinite=\"false\" data-nextarrow=\"fas fa-angle-right\" data-prevarrow=\"fas fa-angle-left\" data-autoplay=\"true\" data-autoplayspeed=\"7000\" data-blockimagesliderfade=\"false\" data-speed=\"900\"><div class=\"gutentor-slider-item\"><div class=\"gutentor-single-item gutentor-single-item-0\"><div class=\"gutentor-single-item-wrap\"><div class=\"gutentor-single-item-image-box\"><div class=\"gutentor-bg-image\"><div class=\"overlay\"><\/div><\/div><\/div><div class=\"gutentor-single-item-content\"><div class=\"grid-container\"><div class=\"slider-caption text-center\"><h3 class=\"gutentor-single-item-title\">DOTAZIONI DELLA CAMERA MATRIMONIALE <\/h3><p class=\"gutentor-single-item-desc\"><\/p><\/div><\/div><\/div><\/div><\/div><\/div><\/div><\/div><\/section>\n\n\n\n<section id=\"section-0d314047-afb0-49f1-8af4-14f85d19e68d\" class=\"wp-block-gutentor-advanced-columns gutentor-section gutentor-advanced-columns has-color-bg has-custom-bg\"><div class=\"grid-container\"><div class=\"grid-row\">\n<section id=\"section-2fc8041a-4843-440e-a21c-ca514241a2a8\" class=\"wp-block-gutentor-single-column gutentor-single-column  grid-lg-4 grid-md-12 grid-12\"><style>\n#section-2fc8041a-4843-440e-a21c-ca514241a2a8 .gutentor-section-title .gutentor-title{\n\n\ncolor: #111111;\n\n}\n@media only screen and (min-width: 768px) {\n#section-2fc8041a-4843-440e-a21c-ca514241a2a8 .gutentor-section-title .gutentor-title{\n\n\n\n}\n}\n@media only screen and (min-width: 992px) {\n#section-2fc8041a-4843-440e-a21c-ca514241a2a8 .gutentor-section-title .gutentor-title{\n\n\n\n}\n}\n#section-2fc8041a-4843-440e-a21c-ca514241a2a8 .gutentor-grid-item-wrap{\n\n\n}\n@media only screen and (min-width: 768px) {\n#section-2fc8041a-4843-440e-a21c-ca514241a2a8 .gutentor-grid-item-wrap{\n\n\n}\n}\n@media only screen and (min-width: 992px) {\n#section-2fc8041a-4843-440e-a21c-ca514241a2a8 .gutentor-grid-item-wrap{\n\n\n}\n}\n#section-2fc8041a-4843-440e-a21c-ca514241a2a8 .gutentor-single-item .gutentor-single-item-title,\n            #section-2fc8041a-4843-440e-a21c-ca514241a2a8 .gutentor-single-item .gutentor-single-item-title a{\n\n\n\n\n}\n#section-2fc8041a-4843-440e-a21c-ca514241a2a8 .gutentor-single-item:hover .gutentor-single-item-title,\n            #section-2fc8041a-4843-440e-a21c-ca514241a2a8 .gutentor-single-item:hover .gutentor-single-item-title a{\n\n}\n@media only screen and (min-width: 768px) {\n#section-2fc8041a-4843-440e-a21c-ca514241a2a8 .gutentor-single-item .gutentor-single-item-title,\n                 #section-2fc8041a-4843-440e-a21c-ca514241a2a8 .gutentor-single-item .gutentor-single-item-title a{\n\n\n\n}\n}\n@media only screen and (min-width: 992px) {\n#section-2fc8041a-4843-440e-a21c-ca514241a2a8 .gutentor-single-item .gutentor-single-item-title,\n                #section-2fc8041a-4843-440e-a21c-ca514241a2a8 .gutentor-single-item .gutentor-single-item-title a{\n\n\n\n}\n}\n#section-2fc8041a-4843-440e-a21c-ca514241a2a8{\n\n\n\n\n\n\n\n}\n#section-2fc8041a-4843-440e-a21c-ca514241a2a8 .gutentor-block-shape-top svg path,\n            #section-2fc8041a-4843-440e-a21c-ca514241a2a8 .gutentor-block-shape-top svg polygon{\n\n}\n#section-2fc8041a-4843-440e-a21c-ca514241a2a8 .gutentor-block-shape-bottom svg path,\n              #section-2fc8041a-4843-440e-a21c-ca514241a2a8 .gutentor-block-shape-bottom svg polygon{\n\n}\n#section-2fc8041a-4843-440e-a21c-ca514241a2a8 .gutentor-block-shape-top svg{\n}\n#section-2fc8041a-4843-440e-a21c-ca514241a2a8 .gutentor-block-shape-top svg{\n}\n#section-2fc8041a-4843-440e-a21c-ca514241a2a8 .gutentor-block-shape-bottom svg{\n}\n#section-2fc8041a-4843-440e-a21c-ca514241a2a8 .gutentor-block-shape-bottom svg{\n}\n#section-2fc8041a-4843-440e-a21c-ca514241a2a8:hover{\n\n}\n\n@media only screen and (min-width: 768px) {\n#section-2fc8041a-4843-440e-a21c-ca514241a2a8{\n\n\n\n\n}\n#section-2fc8041a-4843-440e-a21c-ca514241a2a8 .gutentor-block-shape-top svg{\n}\n#section-2fc8041a-4843-440e-a21c-ca514241a2a8 .gutentor-block-shape-top svg{\n}\n#section-2fc8041a-4843-440e-a21c-ca514241a2a8 .gutentor-block-shape-bottom svg{\n}\n#section-2fc8041a-4843-440e-a21c-ca514241a2a8 .gutentor-block-shape-bottom svg{\n}\n}\n@media only screen and (min-width: 992px) {\n#section-2fc8041a-4843-440e-a21c-ca514241a2a8{\n\n\n\n\n}\n#section-2fc8041a-4843-440e-a21c-ca514241a2a8 .gutentor-block-shape-top svg{\n}\n#section-2fc8041a-4843-440e-a21c-ca514241a2a8 .gutentor-block-shape-top svg{\n}\n#section-2fc8041a-4843-440e-a21c-ca514241a2a8 .gutentor-block-shape-bottom svg{\n}\n#section-2fc8041a-4843-440e-a21c-ca514241a2a8 .gutentor-block-shape-bottom svg{\n}\n}\n#section-2fc8041a-4843-440e-a21c-ca514241a2a8.{\n\n\n}\n@media only screen and (min-width: 768px) {\n#section-2fc8041a-4843-440e-a21c-ca514241a2a8.{\n\n\n}\n}\n@media only screen and (min-width: 992px) {\n#section-2fc8041a-4843-440e-a21c-ca514241a2a8.{\n\n\n}\n}\n#section-2fc8041a-4843-440e-a21c-ca514241a2a8 .gutentor-single-item{\n\n\n\n\n\n}\n#section-2fc8041a-4843-440e-a21c-ca514241a2a8 .gutentor-single-item:hover{\n\n\n}\n@media only screen and (min-width: 768px) {\n#section-2fc8041a-4843-440e-a21c-ca514241a2a8 .gutentor-single-item {\n\n\n}\n}\n@media only screen and (min-width: 992px) {\n#section-2fc8041a-4843-440e-a21c-ca514241a2a8 .gutentor-single-item {\n\n\n}\n}\n#section-2fc8041a-4843-440e-a21c-ca514241a2a8 .gutentor-single-item .gutentor-single-item-desc{\n\n\n\n\n}\n#section-2fc8041a-4843-440e-a21c-ca514241a2a8 .gutentor-single-item:hover .gutentor-single-item-desc{\n\n}\n@media only screen and (min-width: 768px) {\n#section-2fc8041a-4843-440e-a21c-ca514241a2a8 .gutentor-single-item .gutentor-single-item-desc{\n\n\n\n}\n}\n@media only screen and (min-width: 992px) {\n#section-2fc8041a-4843-440e-a21c-ca514241a2a8 .gutentor-single-item .gutentor-single-item-desc{\n\n\n\n}\n}\n#section-2fc8041a-4843-440e-a21c-ca514241a2a8 .gutentor-single-item-image-box{\n\n\n}\n@media only screen and (min-width: 768px) {\n#section-2fc8041a-4843-440e-a21c-ca514241a2a8 .gutentor-single-item-image-box{\n\n\n}\n}\n@media only screen and (min-width: 992px) {\n#section-2fc8041a-4843-440e-a21c-ca514241a2a8 .gutentor-single-item-image-box{\n\n\n}\n}\n#section-undefined .block-editor-inner-blocks{\nwidth: 100%;\npadding-right: 15px;\npadding-left: 15px;\nmargin-right: auto;\nmargin-left: auto;\n}\n#section-undefined .block-editor-inner-blocks .block-editor-block-list__layout{\ndisplay: flex;\nflex-wrap: wrap;\nmargin-right: -15px;\nmargin-left: -15px;\n}\n#section-undefined .block-editor-inner-blocks{\nwidth: 100%;\npadding-right: 15px;\npadding-left: 15px;\nmargin-right: auto;\nmargin-left: auto;\n}\n#section-undefined .block-editor-inner-blocks .block-editor-block-list__layout{\ndisplay: flex;\nflex-wrap: wrap;\nmargin-right: -15px;\nmargin-left: -15px;\n}\n#section-undefined .block-editor-inner-blocks{\nwidth: 100%;\npadding-right: 15px;\npadding-left: 15px;\nmargin-right: auto;\nmargin-left: auto;\n}\n#section-undefined .block-editor-inner-blocks .block-editor-block-list__layout{\ndisplay: flex;\nflex-wrap: wrap;\nmargin-right: -15px;\nmargin-left: -15px;\n}\n@media only screen and (min-width: 992px) {\n#section-2fc8041a-4843-440e-a21c-ca514241a2a8{\nflex-basis: 33.333333333333%;\nmax-width: 33.333333333333%;\n}\n}<\/style>\n<section id=\"section-d735a424-b28a-4dc2-811d-3cf93e97bfca\" class=\"wp-block-gutentor-content-box gutentor-section gutentor-content-box-wrapper content-template1\"><div class=\"grid-container\"><div class=\"grid-row gutentor-grid-item-wrap\"><div class=\"gutentor-grid-column grid-lg-12 grid-md-12 grid-12\"><div class=\"gutentor-single-item gutentor-single-item-0\"><div class=\"gutentor-single-item-wrap\"><div class=\"gutentor-single-item-content\"><h3 class=\"gutentor-single-item-title\">Ideale per le coppie <\/h3><\/div><\/div><\/div><\/div><\/div><\/div><\/section>\n<\/section>\n\n\n\n<section id=\"section-da8d27d2-0271-4dae-9ff5-12dc02ef2d17\" class=\"wp-block-gutentor-single-column gutentor-single-column  grid-lg-8 grid-md-12 grid-12\"><style>\n#section-da8d27d2-0271-4dae-9ff5-12dc02ef2d17 .gutentor-section-title .gutentor-title{\n\n\ncolor: #111111;\n\n}\n@media only screen and (min-width: 768px) {\n#section-da8d27d2-0271-4dae-9ff5-12dc02ef2d17 .gutentor-section-title .gutentor-title{\n\n\n\n}\n}\n@media only screen and (min-width: 992px) {\n#section-da8d27d2-0271-4dae-9ff5-12dc02ef2d17 .gutentor-section-title .gutentor-title{\n\n\n\n}\n}\n#section-da8d27d2-0271-4dae-9ff5-12dc02ef2d17 .gutentor-grid-item-wrap{\n\n\n}\n@media only screen and (min-width: 768px) {\n#section-da8d27d2-0271-4dae-9ff5-12dc02ef2d17 .gutentor-grid-item-wrap{\n\n\n}\n}\n@media only screen and (min-width: 992px) {\n#section-da8d27d2-0271-4dae-9ff5-12dc02ef2d17 .gutentor-grid-item-wrap{\n\n\n}\n}\n#section-da8d27d2-0271-4dae-9ff5-12dc02ef2d17 .gutentor-single-item .gutentor-single-item-title,\n            #section-da8d27d2-0271-4dae-9ff5-12dc02ef2d17 .gutentor-single-item .gutentor-single-item-title a{\n\n\n\n\n}\n#section-da8d27d2-0271-4dae-9ff5-12dc02ef2d17 .gutentor-single-item:hover .gutentor-single-item-title,\n            #section-da8d27d2-0271-4dae-9ff5-12dc02ef2d17 .gutentor-single-item:hover .gutentor-single-item-title a{\n\n}\n@media only screen and (min-width: 768px) {\n#section-da8d27d2-0271-4dae-9ff5-12dc02ef2d17 .gutentor-single-item .gutentor-single-item-title,\n                 #section-da8d27d2-0271-4dae-9ff5-12dc02ef2d17 .gutentor-single-item .gutentor-single-item-title a{\n\n\n\n}\n}\n@media only screen and (min-width: 992px) {\n#section-da8d27d2-0271-4dae-9ff5-12dc02ef2d17 .gutentor-single-item .gutentor-single-item-title,\n                #section-da8d27d2-0271-4dae-9ff5-12dc02ef2d17 .gutentor-single-item .gutentor-single-item-title a{\n\n\n\n}\n}\n#section-da8d27d2-0271-4dae-9ff5-12dc02ef2d17{\n\n\n\n\n\n\n\n}\n#section-da8d27d2-0271-4dae-9ff5-12dc02ef2d17 .gutentor-block-shape-top svg path,\n            #section-da8d27d2-0271-4dae-9ff5-12dc02ef2d17 .gutentor-block-shape-top svg polygon{\n\n}\n#section-da8d27d2-0271-4dae-9ff5-12dc02ef2d17 .gutentor-block-shape-bottom svg path,\n              #section-da8d27d2-0271-4dae-9ff5-12dc02ef2d17 .gutentor-block-shape-bottom svg polygon{\n\n}\n#section-da8d27d2-0271-4dae-9ff5-12dc02ef2d17 .gutentor-block-shape-top svg{\n}\n#section-da8d27d2-0271-4dae-9ff5-12dc02ef2d17 .gutentor-block-shape-top svg{\n}\n#section-da8d27d2-0271-4dae-9ff5-12dc02ef2d17 .gutentor-block-shape-bottom svg{\n}\n#section-da8d27d2-0271-4dae-9ff5-12dc02ef2d17 .gutentor-block-shape-bottom svg{\n}\n#section-da8d27d2-0271-4dae-9ff5-12dc02ef2d17:hover{\n\n}\n\n@media only screen and (min-width: 768px) {\n#section-da8d27d2-0271-4dae-9ff5-12dc02ef2d17{\n\n\n\n\n}\n#section-da8d27d2-0271-4dae-9ff5-12dc02ef2d17 .gutentor-block-shape-top svg{\n}\n#section-da8d27d2-0271-4dae-9ff5-12dc02ef2d17 .gutentor-block-shape-top svg{\n}\n#section-da8d27d2-0271-4dae-9ff5-12dc02ef2d17 .gutentor-block-shape-bottom svg{\n}\n#section-da8d27d2-0271-4dae-9ff5-12dc02ef2d17 .gutentor-block-shape-bottom svg{\n}\n}\n@media only screen and (min-width: 992px) {\n#section-da8d27d2-0271-4dae-9ff5-12dc02ef2d17{\n\n\n\n\n}\n#section-da8d27d2-0271-4dae-9ff5-12dc02ef2d17 .gutentor-block-shape-top svg{\n}\n#section-da8d27d2-0271-4dae-9ff5-12dc02ef2d17 .gutentor-block-shape-top svg{\n}\n#section-da8d27d2-0271-4dae-9ff5-12dc02ef2d17 .gutentor-block-shape-bottom svg{\n}\n#section-da8d27d2-0271-4dae-9ff5-12dc02ef2d17 .gutentor-block-shape-bottom svg{\n}\n}\n#section-da8d27d2-0271-4dae-9ff5-12dc02ef2d17.{\n\n\n}\n@media only screen and (min-width: 768px) {\n#section-da8d27d2-0271-4dae-9ff5-12dc02ef2d17.{\n\n\n}\n}\n@media only screen and (min-width: 992px) {\n#section-da8d27d2-0271-4dae-9ff5-12dc02ef2d17.{\n\n\n}\n}\n#section-da8d27d2-0271-4dae-9ff5-12dc02ef2d17 .gutentor-single-item{\n\n\n\n\n\n}\n#section-da8d27d2-0271-4dae-9ff5-12dc02ef2d17 .gutentor-single-item:hover{\n\n\n}\n@media only screen and (min-width: 768px) {\n#section-da8d27d2-0271-4dae-9ff5-12dc02ef2d17 .gutentor-single-item {\n\n\n}\n}\n@media only screen and (min-width: 992px) {\n#section-da8d27d2-0271-4dae-9ff5-12dc02ef2d17 .gutentor-single-item {\n\n\n}\n}\n#section-da8d27d2-0271-4dae-9ff5-12dc02ef2d17 .gutentor-single-item .gutentor-single-item-desc{\n\n\n\n\n}\n#section-da8d27d2-0271-4dae-9ff5-12dc02ef2d17 .gutentor-single-item:hover .gutentor-single-item-desc{\n\n}\n@media only screen and (min-width: 768px) {\n#section-da8d27d2-0271-4dae-9ff5-12dc02ef2d17 .gutentor-single-item .gutentor-single-item-desc{\n\n\n\n}\n}\n@media only screen and (min-width: 992px) {\n#section-da8d27d2-0271-4dae-9ff5-12dc02ef2d17 .gutentor-single-item .gutentor-single-item-desc{\n\n\n\n}\n}\n#section-da8d27d2-0271-4dae-9ff5-12dc02ef2d17 .gutentor-single-item-image-box{\n\n\n}\n@media only screen and (min-width: 768px) {\n#section-da8d27d2-0271-4dae-9ff5-12dc02ef2d17 .gutentor-single-item-image-box{\n\n\n}\n}\n@media only screen and (min-width: 992px) {\n#section-da8d27d2-0271-4dae-9ff5-12dc02ef2d17 .gutentor-single-item-image-box{\n\n\n}\n}\n#section-undefined .block-editor-inner-blocks{\nwidth: 100%;\npadding-right: 15px;\npadding-left: 15px;\nmargin-right: auto;\nmargin-left: auto;\n}\n#section-undefined .block-editor-inner-blocks .block-editor-block-list__layout{\ndisplay: flex;\nflex-wrap: wrap;\nmargin-right: -15px;\nmargin-left: -15px;\n}\n#section-undefined .block-editor-inner-blocks{\nwidth: 100%;\npadding-right: 15px;\npadding-left: 15px;\nmargin-right: auto;\nmargin-left: auto;\n}\n#section-undefined .block-editor-inner-blocks .block-editor-block-list__layout{\ndisplay: flex;\nflex-wrap: wrap;\nmargin-right: -15px;\nmargin-left: -15px;\n}\n#section-undefined .block-editor-inner-blocks{\nwidth: 100%;\npadding-right: 15px;\npadding-left: 15px;\nmargin-right: auto;\nmargin-left: auto;\n}\n#section-undefined .block-editor-inner-blocks .block-editor-block-list__layout{\ndisplay: flex;\nflex-wrap: wrap;\nmargin-right: -15px;\nmargin-left: -15px;\n}\n@media only screen and (min-width: 992px) {\n#section-da8d27d2-0271-4dae-9ff5-12dc02ef2d17{\nflex-basis: 66.666666666667%;\nmax-width: 66.666666666667%;\n}\n}<\/style>\n<section id=\"section-3f183fa2-8ddf-42a4-ba24-57bcd8ab414d\" class=\"wp-block-gutentor-content-box gutentor-section gutentor-content-box-wrapper content-template1\"><div class=\"grid-container\"><div class=\"grid-row gutentor-grid-item-wrap\"><div class=\"gutentor-grid-column grid-lg-12 grid-md-12 grid-12\"><div class=\"gutentor-single-item gutentor-single-item-0\"><div class=\"gutentor-single-item-wrap\"><div class=\"gutentor-single-item-content\"><h3 class=\"gutentor-single-item-title\">Servizi della camera matrimoniale <\/h3><p class=\"gutentor-single-item-desc\">Ciascuna delle 14 camere doppie pu\u00f2 essere convertita in camera matrimoniale.<br>Ciascuna delle 14 camere matrimoniali  \u00e8 dotata di un bagno  privato, televisione, ed \u00e8 finemente arredata. <br>La colazione \u00e8 inclusa nel  prezzo ed \u00e8 disponibile ogni mattina dalle 07:00 alle 10:00.<br>Poich\u00e8  l&#8217;albergo \u00e8 dotato di un&#8217;area ristorante, \u00e8 inoltre possibile prenotare  il pranzo o la cena e assaporare le nostre specialit\u00e0 gastronomiche del  giorno. <br>La struttura presta inoltre attenzione a particolari esigenze  alimentari.<\/p><\/div><\/div><\/div><\/div><\/div><\/div><\/section>\n<\/section>\n<\/div><\/div><\/section>\n<div class='row'><div style='padding-bottom:50px;' class='span12 first-module module_number_1 module_cont  module_gallery'><div class='list-of-images images_in_a_row_3'>\r\n                        <div class=\"gallery_item\">\r\n\t\t\t\t\t\t\t<div class=\"gallery_item_padding\">\r\n\t\t\t\t\t\t\t\t<div class=\"gallery_item_wrapper\"><a href=\"https:\/\/alconvento.barnabiti.net\/wp-content\/uploads\/2020\/01\/RELAIS-CONVENTO-211-scaled.jpg\" class=\"swipebox\" title=\"\"><\/a><img loading=\"lazy\" decoding=\"async\" class=\"gallery-stand-img\" src=\"https:\/\/alconvento.barnabiti.net\/wp-content\/uploads\/2020\/01\/RELAIS-CONVENTO-211-scaled-570x368.jpg\" alt=\"\" width=\"570\" height=\"368\">\r\n\t\t\t\t\t\t\t\t\t<div class=\"gallery_fadder\"><\/div>\r\n\t\t\t\t\t\t\t\t\t<span class=\"featured_items_ico\"><\/span>\r\n\t\t\t\t\t\t\t\t<\/div>\r\n\t\t\t\t\t\t\t<\/div>\r\n                        <\/div>\r\n                        \r\n                        <div class=\"gallery_item\">\r\n\t\t\t\t\t\t\t<div class=\"gallery_item_padding\">\r\n\t\t\t\t\t\t\t\t<div class=\"gallery_item_wrapper\"><a href=\"https:\/\/alconvento.barnabiti.net\/wp-content\/uploads\/2020\/01\/RELAIS-CONVENTO-212-scaled.jpg\" class=\"swipebox\" title=\"\"><\/a><img loading=\"lazy\" decoding=\"async\" class=\"gallery-stand-img\" src=\"https:\/\/alconvento.barnabiti.net\/wp-content\/uploads\/2020\/01\/RELAIS-CONVENTO-212-scaled-570x368.jpg\" alt=\"\" width=\"570\" height=\"368\">\r\n\t\t\t\t\t\t\t\t\t<div class=\"gallery_fadder\"><\/div>\r\n\t\t\t\t\t\t\t\t\t<span class=\"featured_items_ico\"><\/span>\r\n\t\t\t\t\t\t\t\t<\/div>\r\n\t\t\t\t\t\t\t<\/div>\r\n                        <\/div>\r\n                        \r\n                        <div class=\"gallery_item\">\r\n\t\t\t\t\t\t\t<div class=\"gallery_item_padding\">\r\n\t\t\t\t\t\t\t\t<div class=\"gallery_item_wrapper\"><a href=\"https:\/\/alconvento.barnabiti.net\/wp-content\/uploads\/2020\/01\/RELAIS-CONVENTO-213-scaled.jpg\" class=\"swipebox\" title=\"\"><\/a><img loading=\"lazy\" decoding=\"async\" class=\"gallery-stand-img\" src=\"https:\/\/alconvento.barnabiti.net\/wp-content\/uploads\/2020\/01\/RELAIS-CONVENTO-213-scaled-570x368.jpg\" alt=\"\" width=\"570\" height=\"368\">\r\n\t\t\t\t\t\t\t\t\t<div class=\"gallery_fadder\"><\/div>\r\n\t\t\t\t\t\t\t\t\t<span class=\"featured_items_ico\"><\/span>\r\n\t\t\t\t\t\t\t\t<\/div>\r\n\t\t\t\t\t\t\t<\/div>\r\n                        <\/div>\r\n                        \r\n                        <div class=\"gallery_item\">\r\n\t\t\t\t\t\t\t<div class=\"gallery_item_padding\">\r\n\t\t\t\t\t\t\t\t<div class=\"gallery_item_wrapper\"><a href=\"https:\/\/alconvento.barnabiti.net\/wp-content\/uploads\/2020\/01\/RELAIS-CONVENTO-214-scaled.jpg\" class=\"swipebox\" title=\"\"><\/a><img loading=\"lazy\" decoding=\"async\" class=\"gallery-stand-img\" src=\"https:\/\/alconvento.barnabiti.net\/wp-content\/uploads\/2020\/01\/RELAIS-CONVENTO-214-scaled-570x368.jpg\" alt=\"\" width=\"570\" height=\"368\">\r\n\t\t\t\t\t\t\t\t\t<div class=\"gallery_fadder\"><\/div>\r\n\t\t\t\t\t\t\t\t\t<span class=\"featured_items_ico\"><\/span>\r\n\t\t\t\t\t\t\t\t<\/div>\r\n\t\t\t\t\t\t\t<\/div>\r\n                        <\/div>\r\n                        \r\n                        <div class=\"gallery_item\">\r\n\t\t\t\t\t\t\t<div class=\"gallery_item_padding\">\r\n\t\t\t\t\t\t\t\t<div class=\"gallery_item_wrapper\"><a href=\"https:\/\/alconvento.barnabiti.net\/wp-content\/uploads\/2020\/01\/RELAIS-CONVENTO-215-scaled.jpg\" class=\"swipebox\" title=\"\"><\/a><img loading=\"lazy\" decoding=\"async\" class=\"gallery-stand-img\" src=\"https:\/\/alconvento.barnabiti.net\/wp-content\/uploads\/2020\/01\/RELAIS-CONVENTO-215-scaled-570x368.jpg\" alt=\"\" width=\"570\" height=\"368\">\r\n\t\t\t\t\t\t\t\t\t<div class=\"gallery_fadder\"><\/div>\r\n\t\t\t\t\t\t\t\t\t<span class=\"featured_items_ico\"><\/span>\r\n\t\t\t\t\t\t\t\t<\/div>\r\n\t\t\t\t\t\t\t<\/div>\r\n                        <\/div>\r\n                        \r\n                        <div class=\"gallery_item\">\r\n\t\t\t\t\t\t\t<div class=\"gallery_item_padding\">\r\n\t\t\t\t\t\t\t\t<div class=\"gallery_item_wrapper\"><a href=\"https:\/\/alconvento.barnabiti.net\/wp-content\/uploads\/2020\/01\/RELAIS-CONVENTO-216-scaled.jpg\" class=\"swipebox\" title=\"\"><\/a><img loading=\"lazy\" decoding=\"async\" class=\"gallery-stand-img\" src=\"https:\/\/alconvento.barnabiti.net\/wp-content\/uploads\/2020\/01\/RELAIS-CONVENTO-216-scaled-570x368.jpg\" alt=\"\" width=\"570\" height=\"368\">\r\n\t\t\t\t\t\t\t\t\t<div class=\"gallery_fadder\"><\/div>\r\n\t\t\t\t\t\t\t\t\t<span class=\"featured_items_ico\"><\/span>\r\n\t\t\t\t\t\t\t\t<\/div>\r\n\t\t\t\t\t\t\t<\/div>\r\n                        <\/div>\r\n                        \r\n                        <div class=\"gallery_item\">\r\n\t\t\t\t\t\t\t<div class=\"gallery_item_padding\">\r\n\t\t\t\t\t\t\t\t<div class=\"gallery_item_wrapper\"><a href=\"https:\/\/alconvento.barnabiti.net\/wp-content\/uploads\/2020\/01\/RELAIS-CONVENTO-217-scaled.jpg\" class=\"swipebox\" title=\"\"><\/a><img loading=\"lazy\" decoding=\"async\" class=\"gallery-stand-img\" src=\"https:\/\/alconvento.barnabiti.net\/wp-content\/uploads\/2020\/01\/RELAIS-CONVENTO-217-scaled-570x368.jpg\" alt=\"\" width=\"570\" height=\"368\">\r\n\t\t\t\t\t\t\t\t\t<div class=\"gallery_fadder\"><\/div>\r\n\t\t\t\t\t\t\t\t\t<span class=\"featured_items_ico\"><\/span>\r\n\t\t\t\t\t\t\t\t<\/div>\r\n\t\t\t\t\t\t\t<\/div>\r\n                        <\/div>\r\n                        \r\n                        <div class=\"gallery_item\">\r\n\t\t\t\t\t\t\t<div class=\"gallery_item_padding\">\r\n\t\t\t\t\t\t\t\t<div class=\"gallery_item_wrapper\"><a href=\"https:\/\/alconvento.barnabiti.net\/wp-content\/uploads\/2020\/01\/RELAIS-CONVENTO-218-scaled.jpg\" class=\"swipebox\" title=\"\"><\/a><img loading=\"lazy\" decoding=\"async\" class=\"gallery-stand-img\" src=\"https:\/\/alconvento.barnabiti.net\/wp-content\/uploads\/2020\/01\/RELAIS-CONVENTO-218-scaled-570x368.jpg\" alt=\"\" width=\"570\" height=\"368\">\r\n\t\t\t\t\t\t\t\t\t<div class=\"gallery_fadder\"><\/div>\r\n\t\t\t\t\t\t\t\t\t<span class=\"featured_items_ico\"><\/span>\r\n\t\t\t\t\t\t\t\t<\/div>\r\n\t\t\t\t\t\t\t<\/div>\r\n                        <\/div>\r\n                        \r\n                        <div class=\"gallery_item\">\r\n\t\t\t\t\t\t\t<div class=\"gallery_item_padding\">\r\n\t\t\t\t\t\t\t\t<div class=\"gallery_item_wrapper\"><a href=\"https:\/\/alconvento.barnabiti.net\/wp-content\/uploads\/2020\/01\/RELAIS-CONVENTO-219-scaled.jpg\" class=\"swipebox\" title=\"\"><\/a><img loading=\"lazy\" decoding=\"async\" class=\"gallery-stand-img\" src=\"https:\/\/alconvento.barnabiti.net\/wp-content\/uploads\/2020\/01\/RELAIS-CONVENTO-219-scaled-570x368.jpg\" alt=\"\" width=\"570\" height=\"368\">\r\n\t\t\t\t\t\t\t\t\t<div class=\"gallery_fadder\"><\/div>\r\n\t\t\t\t\t\t\t\t\t<span class=\"featured_items_ico\"><\/span>\r\n\t\t\t\t\t\t\t\t<\/div>\r\n\t\t\t\t\t\t\t<\/div>\r\n                        <\/div>\r\n                        \r\n                        <div class=\"gallery_item\">\r\n\t\t\t\t\t\t\t<div class=\"gallery_item_padding\">\r\n\t\t\t\t\t\t\t\t<div class=\"gallery_item_wrapper\"><a href=\"https:\/\/alconvento.barnabiti.net\/wp-content\/uploads\/2020\/01\/RELAIS-CONVENTO-220-scaled.jpg\" class=\"swipebox\" title=\"\"><\/a><img loading=\"lazy\" decoding=\"async\" class=\"gallery-stand-img\" src=\"https:\/\/alconvento.barnabiti.net\/wp-content\/uploads\/2020\/01\/RELAIS-CONVENTO-220-scaled-570x368.jpg\" alt=\"\" width=\"570\" height=\"368\">\r\n\t\t\t\t\t\t\t\t\t<div class=\"gallery_fadder\"><\/div>\r\n\t\t\t\t\t\t\t\t\t<span class=\"featured_items_ico\"><\/span>\r\n\t\t\t\t\t\t\t\t<\/div>\r\n\t\t\t\t\t\t\t<\/div>\r\n                        <\/div>\r\n                        \r\n            <div class='clear'><\/div>\r\n            <\/div>\r\n            <\/div><!-- .module_cont --><\/div>","protected":false},"excerpt":{"rendered":"","protected":false},"author":1,"featured_media":0,"parent":0,"menu_order":0,"comment_status":"closed","ping_status":"closed","template":"","meta":{"_exactmetrics_skip_tracking":false,"_exactmetrics_sitenote_active":false,"_exactmetrics_sitenote_note":"","_exactmetrics_sitenote_category":0,"footnotes":""},"class_list":["post-1725","page","type-page","status-publish","hentry"],"_links":{"self":[{"href":"https:\/\/alconvento.barnabiti.net\/index.php?rest_route=\/wp\/v2\/pages\/1725","targetHints":{"allow":["GET"]}}],"collection":[{"href":"https:\/\/alconvento.barnabiti.net\/index.php?rest_route=\/wp\/v2\/pages"}],"about":[{"href":"https:\/\/alconvento.barnabiti.net\/index.php?rest_route=\/wp\/v2\/types\/page"}],"author":[{"embeddable":true,"href":"https:\/\/alconvento.barnabiti.net\/index.php?rest_route=\/wp\/v2\/users\/1"}],"replies":[{"embeddable":true,"href":"https:\/\/alconvento.barnabiti.net\/index.php?rest_route=%2Fwp%2Fv2%2Fcomments&post=1725"}],"version-history":[{"count":5,"href":"https:\/\/alconvento.barnabiti.net\/index.php?rest_route=\/wp\/v2\/pages\/1725\/revisions"}],"predecessor-version":[{"id":1913,"href":"https:\/\/alconvento.barnabiti.net\/index.php?rest_route=\/wp\/v2\/pages\/1725\/revisions\/1913"}],"wp:attachment":[{"href":"https:\/\/alconvento.barnabiti.net\/index.php?rest_route=%2Fwp%2Fv2%2Fmedia&parent=1725"}],"curies":[{"name":"wp","href":"https:\/\/api.w.org\/{rel}","templated":true}]}}